{"id":122,"date":"2014-05-08T10:24:51","date_gmt":"2014-05-08T08:24:51","guid":{"rendered":"http:\/\/igm-mallorca.de\/?page_id=122"},"modified":"2022-07-14T14:17:45","modified_gmt":"2022-07-14T12:17:45","slug":"fotos-2","status":"publish","type":"page","link":"https:\/\/igm-mallorca.de\/?page_id=122","title":{"rendered":"Fotos"},"content":{"rendered":"<p>Hier findet ihr unsere Bildergalerien, entweder oben \u00fcber das Men\u00fc ausw\u00e4hlen oder \u00fcber die roten Links, da geht es direkt zu den einzelnen Slideshows<\/p>\n<p>1. <a href=\"https:\/\/igm-mallorca.de\/?page_31\">Kell am See 2014<\/a><\/p>\n\n\n<p><\/p>\n\n\n\n<p><\/p>\n","protected":false},"excerpt":{"rendered":"<p>Hier findet ihr unsere Bildergalerien, entweder oben \u00fcber das Men\u00fc ausw\u00e4hlen oder \u00fcber die roten Links, da geht es direkt zu den einzelnen Slideshows 1. Kell am See 2014<\/p>\n","protected":false},"author":1,"featured_media":0,"parent":0,"menu_order":0,"comment_status":"closed","ping_status":"open","template":"","meta":{"footnotes":""},"class_list":["post-122","page","type-page","status-publish","hentry"],"_links":{"self":[{"href":"https:\/\/igm-mallorca.de\/index.php?rest_route=\/wp\/v2\/pages\/122","targetHints":{"allow":["GET"]}}],"collection":[{"href":"https:\/\/igm-mallorca.de\/index.php?rest_route=\/wp\/v2\/pages"}],"about":[{"href":"https:\/\/igm-mallorca.de\/index.php?rest_route=\/wp\/v2\/types\/page"}],"author":[{"embeddable":true,"href":"https:\/\/igm-mallorca.de\/index.php?rest_route=\/wp\/v2\/users\/1"}],"replies":[{"embeddable":true,"href":"https:\/\/igm-mallorca.de\/index.php?rest_route=%2Fwp%2Fv2%2Fcomments&post=122"}],"version-history":[{"count":27,"href":"https:\/\/igm-mallorca.de\/index.php?rest_route=\/wp\/v2\/pages\/122\/revisions"}],"predecessor-version":[{"id":711,"href":"https:\/\/igm-mallorca.de\/index.php?rest_route=\/wp\/v2\/pages\/122\/revisions\/711"}],"wp:attachment":[{"href":"https:\/\/igm-mallorca.de\/index.php?rest_route=%2Fwp%2Fv2%2Fmedia&parent=122"}],"curies":[{"name":"wp","href":"https:\/\/api.w.org\/{rel}","templated":true}]}}