{"id":105,"date":"2017-09-11T09:52:34","date_gmt":"2017-09-11T07:52:34","guid":{"rendered":"http:\/\/igm-mallorca.de\/?page_id=105"},"modified":"2018-10-03T21:17:22","modified_gmt":"2018-10-03T19:17:22","slug":"wir-ueber-uns","status":"publish","type":"page","link":"https:\/\/igm-mallorca.de\/?page_id=105","title":{"rendered":"Wir \u00fcber Uns"},"content":{"rendered":"<p><img loading=\"lazy\" decoding=\"async\" class=\"wp-image-489 aligncenter\" src=\"https:\/\/igm-mallorca.de\/wp-content\/uploads\/2018\/05\/Logo-Wappen-IGM-neu.png\" alt=\"\" width=\"150\" height=\"225\" srcset=\"https:\/\/igm-mallorca.de\/wp-content\/uploads\/2018\/05\/Logo-Wappen-IGM-neu.png 640w, https:\/\/igm-mallorca.de\/wp-content\/uploads\/2018\/05\/Logo-Wappen-IGM-neu-200x300.png 200w\" sizes=\"auto, (max-width: 150px) 100vw, 150px\" \/>Die Interessengemeinschaft Mallorca e.V. \u201eIGM\u201c wurde am 27.05.2000 in el Arenal gegr\u00fcndet. Vom Gr\u00fcndungstag bis zur ersten Mitgliederversammlung am 07.10.2000 waren dem Verein 38 Mitglieder beigetreten. Die Mitglieder gaben sich eine Satzung, die nach einer \u00c4nderung am 19.10.2001 als Grundlage zum Eintrag in das Vereinsregister Kaiserslautern zugelassen wurde. Die Satzung wurde seither nicht ge\u00e4ndert. Der Verein ist in das Vereinsregister eingetragen.<\/p>\n<p>Die Mitglieder haben sich die Begr\u00fcndung, F\u00f6rderung und Pflege rheinland-pf\u00e4lzisch &#8211; mallorquinischer Freundschaft und die F\u00f6rderung und Pflege der Kameradschaft der Vereinsmitglieder zum Ziel gesetzt. Diese Ziele werden durch verschiedene Aktivit\u00e4ten in den Regionen und in Mallorca nach dem Grundsatz \u201cwir sind kein Sparverein\u201d erreicht. So ist der verantwortliche Vorstand stets gefordert den derzeit 156 Mitgliedern ein abwechslungsreiches \u00c4ktivit\u00e4tenprogramm zu bieten und daf\u00fcr zu sorgen, dass der gr\u00f6\u00dfte Anteil der Mitgliedsbeitr\u00e4ge daf\u00fcr verwendet wird und somit an die Mitglieder zur\u00fcck flie\u00dft.<\/p>\n<p><a title=\"Gr\u00fcndungsurkunde\" href=\"https:\/\/igm-mallorca.de\/?attachment_id=113\">Gr\u00fcndungsurkunde<\/a><\/p>\n<h1>Vereinsstruktur<img loading=\"lazy\" decoding=\"async\" class=\"alignnone size-large wp-image-509\" src=\"https:\/\/igm-mallorca.de\/wp-content\/uploads\/2018\/10\/Folie1-1024x709.png\" alt=\"\" width=\"584\" height=\"404\" srcset=\"https:\/\/igm-mallorca.de\/wp-content\/uploads\/2018\/10\/Folie1-1024x709.png 1024w, https:\/\/igm-mallorca.de\/wp-content\/uploads\/2018\/10\/Folie1-300x208.png 300w, https:\/\/igm-mallorca.de\/wp-content\/uploads\/2018\/10\/Folie1-768x532.png 768w, https:\/\/igm-mallorca.de\/wp-content\/uploads\/2018\/10\/Folie1-433x300.png 433w, https:\/\/igm-mallorca.de\/wp-content\/uploads\/2018\/10\/Folie1.png 1040w\" sizes=\"auto, (max-width: 584px) 100vw, 584px\" \/><\/h1>\n<p>&nbsp;<\/p>\n<p>&nbsp;<\/p>\n<p>&nbsp;<\/p>\n<p>&nbsp;<\/p>\n","protected":false},"excerpt":{"rendered":"<p>Die Interessengemeinschaft Mallorca e.V. \u201eIGM\u201c wurde am 27.05.2000 in el Arenal gegr\u00fcndet. Vom Gr\u00fcndungstag bis zur ersten Mitgliederversammlung am 07.10.2000 waren dem Verein 38 Mitglieder beigetreten. Die Mitglieder gaben sich eine Satzung, die nach einer \u00c4nderung am 19.10.2001 als Grundlage &hellip; <a href=\"https:\/\/igm-mallorca.de\/?page_id=105\">Weiterlesen <span class=\"meta-nav\">&rarr;<\/span><\/a><\/p>\n","protected":false},"author":1,"featured_media":0,"parent":0,"menu_order":0,"comment_status":"closed","ping_status":"open","template":"","meta":{"footnotes":""},"class_list":["post-105","page","type-page","status-publish","hentry"],"_links":{"self":[{"href":"https:\/\/igm-mallorca.de\/index.php?rest_route=\/wp\/v2\/pages\/105","targetHints":{"allow":["GET"]}}],"collection":[{"href":"https:\/\/igm-mallorca.de\/index.php?rest_route=\/wp\/v2\/pages"}],"about":[{"href":"https:\/\/igm-mallorca.de\/index.php?rest_route=\/wp\/v2\/types\/page"}],"author":[{"embeddable":true,"href":"https:\/\/igm-mallorca.de\/index.php?rest_route=\/wp\/v2\/users\/1"}],"replies":[{"embeddable":true,"href":"https:\/\/igm-mallorca.de\/index.php?rest_route=%2Fwp%2Fv2%2Fcomments&post=105"}],"version-history":[{"count":47,"href":"https:\/\/igm-mallorca.de\/index.php?rest_route=\/wp\/v2\/pages\/105\/revisions"}],"predecessor-version":[{"id":510,"href":"https:\/\/igm-mallorca.de\/index.php?rest_route=\/wp\/v2\/pages\/105\/revisions\/510"}],"wp:attachment":[{"href":"https:\/\/igm-mallorca.de\/index.php?rest_route=%2Fwp%2Fv2%2Fmedia&parent=105"}],"curies":[{"name":"wp","href":"https:\/\/api.w.org\/{rel}","templated":true}]}}